{"id":511,"date":"2023-06-26T08:01:58","date_gmt":"2023-06-26T08:01:58","guid":{"rendered":"https:\/\/www.massagespaluxuryservice.it\/?post_type=product&#038;p=511"},"modified":"2023-06-29T15:02:57","modified_gmt":"2023-06-29T15:02:57","slug":"manicure-pedicure-con-smalto","status":"publish","type":"product","link":"https:\/\/www.massagespaluxuryservice.it\/it_it\/prodotto\/manicure-pedicure-con-smalto\/","title":{"rendered":"Manicure +Pedicure con smalto"},"content":{"rendered":"<p>Regalati una cura completa per le tue mani e i tuoi piedi con il nostro servizio di manicure + pedicure con smalto. Lascia che le nostre esperte manicuriste si prendano cura di te e ti offrano un trattamento di lusso per le tue estremit\u00e0.<\/p>\n<p>Inizia il tuo viaggio di bellezza con un delicato bagno rilassante per le mani e i piedi, che li preparer\u00e0 per una cura profonda. Rimuoveremo delicatamente le cuticole e modelleremo le unghie secondo le tue preferenze, creando una forma elegante e armoniosa. Le tue mani e i tuoi piedi saranno levigati e morbidi grazie a un&#8217;esfoliazione delicata e rigenerante.<\/p>\n<p>Successivamente, immergiti in un piacevole massaggio, che favorir\u00e0 la circolazione sanguigna e doner\u00e0 una sensazione di totale relax. I nostri oli essenziali nutrienti idrateranno in profondit\u00e0 la pelle secca e stanca, donando loro una nuova vitalit\u00e0.<\/p>\n<p>Infine, la fase culminante: la scelta del colore dello smalto. Abbiamo una vasta gamma di tonalit\u00e0 e finiture tra cui scegliere, che si adattano a ogni stile e personalit\u00e0. Dalle sfumature classiche e sofisticate a quelle audaci e vivaci, troverai sicuramente il colore perfetto per completare il tuo look.<\/p>\n<p>Il nostro servizio di manicure + pedicure con smalto ti lascer\u00e0 con mani e piedi impeccabili, curati nei minimi dettagli e pronti a farsi ammirare. Sentiti sicura di mostrare la tua bellezza in ogni gesto, sapendo che hai dato loro la migliore cura possibile.<\/p>\n<p>Prenota oggi stesso il tuo trattamento di manicure + pedicure con smalto e concediti un momento di relax e bellezza assoluta. Siamo qui per prenderti cura di te e donarti un&#8217;esperienza indulgente che ti far\u00e0 sentire speciale.<\/p>\n","protected":false},"excerpt":{"rendered":"<p>Coccola le tue mani e i tuoi piedi con il nostro trattamento di manicure + pedicure con smalto. Un momento di relax e bellezza per unghie curate e colori irresistibili. Prenota ora e regalati una cura completa per le tue estremit\u00e0.<\/p>\n","protected":false},"featured_media":541,"comment_status":"open","ping_status":"closed","template":"","meta":[],"product_cat":[33],"product_tag":[],"class_list":{"0":"post-511","1":"product","2":"type-product","3":"status-publish","4":"has-post-thumbnail","6":"product_cat-luxury-nails-art","8":"first","9":"instock","10":"sold-individually","11":"shipping-taxable","12":"purchasable","13":"product-type-booking"},"yoast_head":"<!-- This site is optimized with the Yoast SEO Premium plugin v22.2 (Yoast SEO v22.4) - https:\/\/yoast.com\/wordpress\/plugins\/seo\/ -->\n<title>Manicure +Pedicure con smalto - Massage luxury Spa noto<\/title>\n<meta name=\"robots\" content=\"index, follow, max-snippet:-1, max-image-preview:large, max-video-preview:-1\" \/>\n<link rel=\"canonical\" href=\"https:\/\/www.massagespaluxuryservice.it\/it_it\/prodotto\/manicure-pedicure-con-smalto\/\" \/>\n<meta property=\"og:locale\" content=\"it_IT\" \/>\n<meta property=\"og:type\" content=\"article\" \/>\n<meta property=\"og:title\" content=\"Manicure +Pedicure con smalto\" \/>\n<meta property=\"og:description\" content=\"Coccola le tue mani e i tuoi piedi con il nostro trattamento di manicure + pedicure con smalto. Un momento di relax e bellezza per unghie curate e colori irresistibili. Prenota ora e regalati una cura completa per le tue estremit\u00e0.\" \/>\n<meta property=\"og:url\" content=\"https:\/\/www.massagespaluxuryservice.it\/it_it\/prodotto\/manicure-pedicure-con-smalto\/\" \/>\n<meta property=\"og:site_name\" content=\"Massage luxury Spa noto\" \/>\n<meta property=\"article:modified_time\" content=\"2023-06-29T15:02:57+00:00\" \/>\n<meta property=\"og:image\" content=\"https:\/\/www.massagespaluxuryservice.it\/wp-content\/uploads\/2023\/06\/MG_6276-scaled.jpg\" \/>\n\t<meta property=\"og:image:width\" content=\"2560\" \/>\n\t<meta property=\"og:image:height\" content=\"1706\" \/>\n\t<meta property=\"og:image:type\" content=\"image\/jpeg\" \/>\n<meta name=\"twitter:card\" content=\"summary_large_image\" \/>\n<meta name=\"twitter:label1\" content=\"Tempo di lettura stimato\" \/>\n\t<meta name=\"twitter:data1\" content=\"1 minuto\" \/>\n<script type=\"application\/ld+json\" class=\"yoast-schema-graph\">{\"@context\":\"https:\/\/schema.org\",\"@graph\":[{\"@type\":\"WebPage\",\"@id\":\"https:\/\/www.massagespaluxuryservice.it\/prodotto\/manicure-pedicure-con-smalto\/\",\"url\":\"https:\/\/www.massagespaluxuryservice.it\/prodotto\/manicure-pedicure-con-smalto\/\",\"name\":\"Manicure +Pedicure con smalto - Massage luxury Spa noto\",\"isPartOf\":{\"@id\":\"https:\/\/www.massagespaluxuryservice.it\/#website\"},\"primaryImageOfPage\":{\"@id\":\"https:\/\/www.massagespaluxuryservice.it\/prodotto\/manicure-pedicure-con-smalto\/#primaryimage\"},\"image\":{\"@id\":\"https:\/\/www.massagespaluxuryservice.it\/prodotto\/manicure-pedicure-con-smalto\/#primaryimage\"},\"thumbnailUrl\":\"https:\/\/www.massagespaluxuryservice.it\/wp-content\/uploads\/2023\/06\/MG_6276-scaled.jpg\",\"datePublished\":\"2023-06-26T08:01:58+00:00\",\"dateModified\":\"2023-06-29T15:02:57+00:00\",\"breadcrumb\":{\"@id\":\"https:\/\/www.massagespaluxuryservice.it\/prodotto\/manicure-pedicure-con-smalto\/#breadcrumb\"},\"inLanguage\":\"it-IT\",\"potentialAction\":[{\"@type\":\"ReadAction\",\"target\":[\"https:\/\/www.massagespaluxuryservice.it\/prodotto\/manicure-pedicure-con-smalto\/\"]}]},{\"@type\":\"ImageObject\",\"inLanguage\":\"it-IT\",\"@id\":\"https:\/\/www.massagespaluxuryservice.it\/prodotto\/manicure-pedicure-con-smalto\/#primaryimage\",\"url\":\"https:\/\/www.massagespaluxuryservice.it\/wp-content\/uploads\/2023\/06\/MG_6276-scaled.jpg\",\"contentUrl\":\"https:\/\/www.massagespaluxuryservice.it\/wp-content\/uploads\/2023\/06\/MG_6276-scaled.jpg\",\"width\":2560,\"height\":1706},{\"@type\":\"BreadcrumbList\",\"@id\":\"https:\/\/www.massagespaluxuryservice.it\/prodotto\/manicure-pedicure-con-smalto\/#breadcrumb\",\"itemListElement\":[{\"@type\":\"ListItem\",\"position\":1,\"name\":\"Home\",\"item\":\"https:\/\/www.massagespaluxuryservice.it\/\"},{\"@type\":\"ListItem\",\"position\":2,\"name\":\"Shop\",\"item\":\"https:\/\/www.massagespaluxuryservice.it\/negozio\/\"},{\"@type\":\"ListItem\",\"position\":3,\"name\":\"Manicure +Pedicure con smalto\"}]},{\"@type\":\"WebSite\",\"@id\":\"https:\/\/www.massagespaluxuryservice.it\/#website\",\"url\":\"https:\/\/www.massagespaluxuryservice.it\/\",\"name\":\"Massage luxury Spa noto\",\"description\":\"Servizi spa e massaggi a Noto in Sicilia\",\"publisher\":{\"@id\":\"https:\/\/www.massagespaluxuryservice.it\/#organization\"},\"potentialAction\":[{\"@type\":\"SearchAction\",\"target\":{\"@type\":\"EntryPoint\",\"urlTemplate\":\"https:\/\/www.massagespaluxuryservice.it\/?s={search_term_string}\"},\"query-input\":\"required name=search_term_string\"}],\"inLanguage\":\"it-IT\"},{\"@type\":\"Organization\",\"@id\":\"https:\/\/www.massagespaluxuryservice.it\/#organization\",\"name\":\"Massage Spa Luxury Service Noto\",\"url\":\"https:\/\/www.massagespaluxuryservice.it\/\",\"logo\":{\"@type\":\"ImageObject\",\"inLanguage\":\"it-IT\",\"@id\":\"https:\/\/www.massagespaluxuryservice.it\/#\/schema\/logo\/image\/\",\"url\":\"https:\/\/www.massagespaluxuryservice.it\/wp-content\/uploads\/2023\/06\/Logo-scontornato.png\",\"contentUrl\":\"https:\/\/www.massagespaluxuryservice.it\/wp-content\/uploads\/2023\/06\/Logo-scontornato.png\",\"width\":1414,\"height\":752,\"caption\":\"Massage Spa Luxury Service Noto\"},\"image\":{\"@id\":\"https:\/\/www.massagespaluxuryservice.it\/#\/schema\/logo\/image\/\"}}]}<\/script>\n<!-- \/ Yoast SEO Premium plugin. -->","yoast_head_json":{"title":"Manicure +Pedicure con smalto - Massage luxury Spa noto","robots":{"index":"index","follow":"follow","max-snippet":"max-snippet:-1","max-image-preview":"max-image-preview:large","max-video-preview":"max-video-preview:-1"},"canonical":"https:\/\/www.massagespaluxuryservice.it\/it_it\/prodotto\/manicure-pedicure-con-smalto\/","og_locale":"it_IT","og_type":"article","og_title":"Manicure +Pedicure con smalto","og_description":"Coccola le tue mani e i tuoi piedi con il nostro trattamento di manicure + pedicure con smalto. Un momento di relax e bellezza per unghie curate e colori irresistibili. Prenota ora e regalati una cura completa per le tue estremit\u00e0.","og_url":"https:\/\/www.massagespaluxuryservice.it\/it_it\/prodotto\/manicure-pedicure-con-smalto\/","og_site_name":"Massage luxury Spa noto","article_modified_time":"2023-06-29T15:02:57+00:00","og_image":[{"width":2560,"height":1706,"url":"https:\/\/www.massagespaluxuryservice.it\/wp-content\/uploads\/2023\/06\/MG_6276-scaled.jpg","type":"image\/jpeg"}],"twitter_card":"summary_large_image","twitter_misc":{"Tempo di lettura stimato":"1 minuto"},"schema":{"@context":"https:\/\/schema.org","@graph":[{"@type":"WebPage","@id":"https:\/\/www.massagespaluxuryservice.it\/prodotto\/manicure-pedicure-con-smalto\/","url":"https:\/\/www.massagespaluxuryservice.it\/prodotto\/manicure-pedicure-con-smalto\/","name":"Manicure +Pedicure con smalto - Massage luxury Spa noto","isPartOf":{"@id":"https:\/\/www.massagespaluxuryservice.it\/#website"},"primaryImageOfPage":{"@id":"https:\/\/www.massagespaluxuryservice.it\/prodotto\/manicure-pedicure-con-smalto\/#primaryimage"},"image":{"@id":"https:\/\/www.massagespaluxuryservice.it\/prodotto\/manicure-pedicure-con-smalto\/#primaryimage"},"thumbnailUrl":"https:\/\/www.massagespaluxuryservice.it\/wp-content\/uploads\/2023\/06\/MG_6276-scaled.jpg","datePublished":"2023-06-26T08:01:58+00:00","dateModified":"2023-06-29T15:02:57+00:00","breadcrumb":{"@id":"https:\/\/www.massagespaluxuryservice.it\/prodotto\/manicure-pedicure-con-smalto\/#breadcrumb"},"inLanguage":"it-IT","potentialAction":[{"@type":"ReadAction","target":["https:\/\/www.massagespaluxuryservice.it\/prodotto\/manicure-pedicure-con-smalto\/"]}]},{"@type":"ImageObject","inLanguage":"it-IT","@id":"https:\/\/www.massagespaluxuryservice.it\/prodotto\/manicure-pedicure-con-smalto\/#primaryimage","url":"https:\/\/www.massagespaluxuryservice.it\/wp-content\/uploads\/2023\/06\/MG_6276-scaled.jpg","contentUrl":"https:\/\/www.massagespaluxuryservice.it\/wp-content\/uploads\/2023\/06\/MG_6276-scaled.jpg","width":2560,"height":1706},{"@type":"BreadcrumbList","@id":"https:\/\/www.massagespaluxuryservice.it\/prodotto\/manicure-pedicure-con-smalto\/#breadcrumb","itemListElement":[{"@type":"ListItem","position":1,"name":"Home","item":"https:\/\/www.massagespaluxuryservice.it\/"},{"@type":"ListItem","position":2,"name":"Shop","item":"https:\/\/www.massagespaluxuryservice.it\/negozio\/"},{"@type":"ListItem","position":3,"name":"Manicure +Pedicure con smalto"}]},{"@type":"WebSite","@id":"https:\/\/www.massagespaluxuryservice.it\/#website","url":"https:\/\/www.massagespaluxuryservice.it\/","name":"Massage luxury Spa noto","description":"Servizi spa e massaggi a Noto in Sicilia","publisher":{"@id":"https:\/\/www.massagespaluxuryservice.it\/#organization"},"potentialAction":[{"@type":"SearchAction","target":{"@type":"EntryPoint","urlTemplate":"https:\/\/www.massagespaluxuryservice.it\/?s={search_term_string}"},"query-input":"required name=search_term_string"}],"inLanguage":"it-IT"},{"@type":"Organization","@id":"https:\/\/www.massagespaluxuryservice.it\/#organization","name":"Massage Spa Luxury Service Noto","url":"https:\/\/www.massagespaluxuryservice.it\/","logo":{"@type":"ImageObject","inLanguage":"it-IT","@id":"https:\/\/www.massagespaluxuryservice.it\/#\/schema\/logo\/image\/","url":"https:\/\/www.massagespaluxuryservice.it\/wp-content\/uploads\/2023\/06\/Logo-scontornato.png","contentUrl":"https:\/\/www.massagespaluxuryservice.it\/wp-content\/uploads\/2023\/06\/Logo-scontornato.png","width":1414,"height":752,"caption":"Massage Spa Luxury Service Noto"},"image":{"@id":"https:\/\/www.massagespaluxuryservice.it\/#\/schema\/logo\/image\/"}}]}},"_links":{"self":[{"href":"https:\/\/www.massagespaluxuryservice.it\/it_it\/wp-json\/wp\/v2\/product\/511","targetHints":{"allow":["GET"]}}],"collection":[{"href":"https:\/\/www.massagespaluxuryservice.it\/it_it\/wp-json\/wp\/v2\/product"}],"about":[{"href":"https:\/\/www.massagespaluxuryservice.it\/it_it\/wp-json\/wp\/v2\/types\/product"}],"replies":[{"embeddable":true,"href":"https:\/\/www.massagespaluxuryservice.it\/it_it\/wp-json\/wp\/v2\/comments?post=511"}],"version-history":[{"count":0,"href":"https:\/\/www.massagespaluxuryservice.it\/it_it\/wp-json\/wp\/v2\/product\/511\/revisions"}],"wp:featuredmedia":[{"embeddable":true,"href":"https:\/\/www.massagespaluxuryservice.it\/it_it\/wp-json\/wp\/v2\/media\/541"}],"wp:attachment":[{"href":"https:\/\/www.massagespaluxuryservice.it\/it_it\/wp-json\/wp\/v2\/media?parent=511"}],"wp:term":[{"taxonomy":"product_cat","embeddable":true,"href":"https:\/\/www.massagespaluxuryservice.it\/it_it\/wp-json\/wp\/v2\/product_cat?post=511"},{"taxonomy":"product_tag","embeddable":true,"href":"https:\/\/www.massagespaluxuryservice.it\/it_it\/wp-json\/wp\/v2\/product_tag?post=511"}],"curies":[{"name":"wp","href":"https:\/\/api.w.org\/{rel}","templated":true}]}}