{"id":483,"date":"2023-06-26T07:56:07","date_gmt":"2023-06-26T07:56:07","guid":{"rendered":"https:\/\/www.massagespaluxuryservice.it\/?post_type=product&#038;p=483"},"modified":"2023-07-14T09:18:14","modified_gmt":"2023-07-14T09:18:14","slug":"bagno-di-colore","status":"publish","type":"product","link":"https:\/\/www.massagespaluxuryservice.it\/it_it\/prodotto\/bagno-di-colore\/","title":{"rendered":"Bagno di colore"},"content":{"rendered":"<p>Il bagno di colore capellio \u00e8 un trattamento che utilizza una formula delicata e senza ammoniaca per donare nuova vita e intensit\u00e0 ai tuoi capelli. Questa tecnica \u00e8 ideale per coloro che desiderano ravvivare il colore naturale dei capelli, aggiungere riflessi o cambiare completamente la tonalit\u00e0 dei capelli in modo temporaneo.<\/p>\n<p>Il nostro team di hair stylist professionisti ti guider\u00e0 nella scelta del colore ideale per il tuo bagno di colore capellio. Utilizziamo una vasta gamma di tonalit\u00e0 e sfumature per personalizzare il risultato in base ai tuoi desideri e al tuo stile unico.<\/p>\n<p>Durante il trattamento, i nostri esperti applicheranno il bagno di colore capellio in modo uniforme sui tuoi capelli, garantendo una copertura uniforme e risultati sorprendenti. Il trattamento doner\u00e0 ai tuoi capelli una nuova vitalit\u00e0, luminosit\u00e0 e brillantezza, lasciandoli sani e setosi al tatto.<\/p>\n","protected":false},"excerpt":{"rendered":"<p>Il bagno di colore capellio \u00e8 un trattamento che utilizza una formula delicata e senza ammoniaca per donare nuova vita e intensit\u00e0 ai tuoi capelli. Questa tecnica \u00e8 ideale per coloro che desiderano ravvivare il colore naturale dei capelli, aggiungere riflessi o cambiare completamente la tonalit\u00e0 dei capelli in modo temporaneo. Il nostro team di [&hellip;]<\/p>\n","protected":false},"featured_media":1139,"comment_status":"open","ping_status":"closed","template":"","meta":[],"product_cat":[32],"product_tag":[],"class_list":{"0":"post-483","1":"product","2":"type-product","3":"status-publish","4":"has-post-thumbnail","6":"product_cat-luxury-hair-stylist","8":"first","9":"instock","10":"sold-individually","11":"shipping-taxable","12":"purchasable","13":"product-type-booking"},"yoast_head":"<!-- This site is optimized with the Yoast SEO Premium plugin v22.2 (Yoast SEO v22.4) - https:\/\/yoast.com\/wordpress\/plugins\/seo\/ -->\n<title>Bagno di colore - Massage luxury Spa noto<\/title>\n<meta name=\"description\" content=\"Siamo esperti nell&#039;offrire un trattamento di colorazione dei capelli che conferisce luminosit\u00e0, brillantezza e nuance vibranti ai tuoi capelli.\" \/>\n<meta name=\"robots\" content=\"index, follow, max-snippet:-1, max-image-preview:large, max-video-preview:-1\" \/>\n<link rel=\"canonical\" href=\"https:\/\/www.massagespaluxuryservice.it\/it_it\/prodotto\/bagno-di-colore\/\" \/>\n<meta property=\"og:locale\" content=\"it_IT\" \/>\n<meta property=\"og:type\" content=\"article\" \/>\n<meta property=\"og:title\" content=\"Bagno di colore\" \/>\n<meta property=\"og:description\" content=\"Siamo esperti nell&#039;offrire un trattamento di colorazione dei capelli che conferisce luminosit\u00e0, brillantezza e nuance vibranti ai tuoi capelli.\" \/>\n<meta property=\"og:url\" content=\"https:\/\/www.massagespaluxuryservice.it\/it_it\/prodotto\/bagno-di-colore\/\" \/>\n<meta property=\"og:site_name\" content=\"Massage luxury Spa noto\" \/>\n<meta property=\"article:modified_time\" content=\"2023-07-14T09:18:14+00:00\" \/>\n<meta property=\"og:image\" content=\"https:\/\/www.massagespaluxuryservice.it\/wp-content\/uploads\/2023\/06\/Colorazioni-piu-richieste-Youbee.it_.jpg\" \/>\n\t<meta property=\"og:image:width\" content=\"740\" \/>\n\t<meta property=\"og:image:height\" content=\"420\" \/>\n\t<meta property=\"og:image:type\" content=\"image\/jpeg\" \/>\n<meta name=\"twitter:card\" content=\"summary_large_image\" \/>\n<meta name=\"twitter:label1\" content=\"Tempo di lettura stimato\" \/>\n\t<meta name=\"twitter:data1\" content=\"1 minuto\" \/>\n<script type=\"application\/ld+json\" class=\"yoast-schema-graph\">{\"@context\":\"https:\/\/schema.org\",\"@graph\":[{\"@type\":\"WebPage\",\"@id\":\"https:\/\/www.massagespaluxuryservice.it\/prodotto\/bagno-di-colore\/\",\"url\":\"https:\/\/www.massagespaluxuryservice.it\/prodotto\/bagno-di-colore\/\",\"name\":\"Bagno di colore - Massage luxury Spa noto\",\"isPartOf\":{\"@id\":\"https:\/\/www.massagespaluxuryservice.it\/#website\"},\"primaryImageOfPage\":{\"@id\":\"https:\/\/www.massagespaluxuryservice.it\/prodotto\/bagno-di-colore\/#primaryimage\"},\"image\":{\"@id\":\"https:\/\/www.massagespaluxuryservice.it\/prodotto\/bagno-di-colore\/#primaryimage\"},\"thumbnailUrl\":\"https:\/\/www.massagespaluxuryservice.it\/wp-content\/uploads\/2023\/06\/Colorazioni-piu-richieste-Youbee.it_.jpg\",\"datePublished\":\"2023-06-26T07:56:07+00:00\",\"dateModified\":\"2023-07-14T09:18:14+00:00\",\"description\":\"Siamo esperti nell'offrire un trattamento di colorazione dei capelli che conferisce luminosit\u00e0, brillantezza e nuance vibranti ai tuoi capelli.\",\"breadcrumb\":{\"@id\":\"https:\/\/www.massagespaluxuryservice.it\/prodotto\/bagno-di-colore\/#breadcrumb\"},\"inLanguage\":\"it-IT\",\"potentialAction\":[{\"@type\":\"ReadAction\",\"target\":[\"https:\/\/www.massagespaluxuryservice.it\/prodotto\/bagno-di-colore\/\"]}]},{\"@type\":\"ImageObject\",\"inLanguage\":\"it-IT\",\"@id\":\"https:\/\/www.massagespaluxuryservice.it\/prodotto\/bagno-di-colore\/#primaryimage\",\"url\":\"https:\/\/www.massagespaluxuryservice.it\/wp-content\/uploads\/2023\/06\/Colorazioni-piu-richieste-Youbee.it_.jpg\",\"contentUrl\":\"https:\/\/www.massagespaluxuryservice.it\/wp-content\/uploads\/2023\/06\/Colorazioni-piu-richieste-Youbee.it_.jpg\",\"width\":740,\"height\":420},{\"@type\":\"BreadcrumbList\",\"@id\":\"https:\/\/www.massagespaluxuryservice.it\/prodotto\/bagno-di-colore\/#breadcrumb\",\"itemListElement\":[{\"@type\":\"ListItem\",\"position\":1,\"name\":\"Home\",\"item\":\"https:\/\/www.massagespaluxuryservice.it\/\"},{\"@type\":\"ListItem\",\"position\":2,\"name\":\"Shop\",\"item\":\"https:\/\/www.massagespaluxuryservice.it\/negozio\/\"},{\"@type\":\"ListItem\",\"position\":3,\"name\":\"Bagno di colore\"}]},{\"@type\":\"WebSite\",\"@id\":\"https:\/\/www.massagespaluxuryservice.it\/#website\",\"url\":\"https:\/\/www.massagespaluxuryservice.it\/\",\"name\":\"Massage luxury Spa noto\",\"description\":\"Servizi spa e massaggi a Noto in Sicilia\",\"publisher\":{\"@id\":\"https:\/\/www.massagespaluxuryservice.it\/#organization\"},\"potentialAction\":[{\"@type\":\"SearchAction\",\"target\":{\"@type\":\"EntryPoint\",\"urlTemplate\":\"https:\/\/www.massagespaluxuryservice.it\/?s={search_term_string}\"},\"query-input\":\"required name=search_term_string\"}],\"inLanguage\":\"it-IT\"},{\"@type\":\"Organization\",\"@id\":\"https:\/\/www.massagespaluxuryservice.it\/#organization\",\"name\":\"Massage Spa Luxury Service Noto\",\"url\":\"https:\/\/www.massagespaluxuryservice.it\/\",\"logo\":{\"@type\":\"ImageObject\",\"inLanguage\":\"it-IT\",\"@id\":\"https:\/\/www.massagespaluxuryservice.it\/#\/schema\/logo\/image\/\",\"url\":\"https:\/\/www.massagespaluxuryservice.it\/wp-content\/uploads\/2023\/06\/Logo-scontornato.png\",\"contentUrl\":\"https:\/\/www.massagespaluxuryservice.it\/wp-content\/uploads\/2023\/06\/Logo-scontornato.png\",\"width\":1414,\"height\":752,\"caption\":\"Massage Spa Luxury Service Noto\"},\"image\":{\"@id\":\"https:\/\/www.massagespaluxuryservice.it\/#\/schema\/logo\/image\/\"}}]}<\/script>\n<!-- \/ Yoast SEO Premium plugin. -->","yoast_head_json":{"title":"Bagno di colore - Massage luxury Spa noto","description":"Siamo esperti nell'offrire un trattamento di colorazione dei capelli che conferisce luminosit\u00e0, brillantezza e nuance vibranti ai tuoi capelli.","robots":{"index":"index","follow":"follow","max-snippet":"max-snippet:-1","max-image-preview":"max-image-preview:large","max-video-preview":"max-video-preview:-1"},"canonical":"https:\/\/www.massagespaluxuryservice.it\/it_it\/prodotto\/bagno-di-colore\/","og_locale":"it_IT","og_type":"article","og_title":"Bagno di colore","og_description":"Siamo esperti nell'offrire un trattamento di colorazione dei capelli che conferisce luminosit\u00e0, brillantezza e nuance vibranti ai tuoi capelli.","og_url":"https:\/\/www.massagespaluxuryservice.it\/it_it\/prodotto\/bagno-di-colore\/","og_site_name":"Massage luxury Spa noto","article_modified_time":"2023-07-14T09:18:14+00:00","og_image":[{"width":740,"height":420,"url":"https:\/\/www.massagespaluxuryservice.it\/wp-content\/uploads\/2023\/06\/Colorazioni-piu-richieste-Youbee.it_.jpg","type":"image\/jpeg"}],"twitter_card":"summary_large_image","twitter_misc":{"Tempo di lettura stimato":"1 minuto"},"schema":{"@context":"https:\/\/schema.org","@graph":[{"@type":"WebPage","@id":"https:\/\/www.massagespaluxuryservice.it\/prodotto\/bagno-di-colore\/","url":"https:\/\/www.massagespaluxuryservice.it\/prodotto\/bagno-di-colore\/","name":"Bagno di colore - Massage luxury Spa noto","isPartOf":{"@id":"https:\/\/www.massagespaluxuryservice.it\/#website"},"primaryImageOfPage":{"@id":"https:\/\/www.massagespaluxuryservice.it\/prodotto\/bagno-di-colore\/#primaryimage"},"image":{"@id":"https:\/\/www.massagespaluxuryservice.it\/prodotto\/bagno-di-colore\/#primaryimage"},"thumbnailUrl":"https:\/\/www.massagespaluxuryservice.it\/wp-content\/uploads\/2023\/06\/Colorazioni-piu-richieste-Youbee.it_.jpg","datePublished":"2023-06-26T07:56:07+00:00","dateModified":"2023-07-14T09:18:14+00:00","description":"Siamo esperti nell'offrire un trattamento di colorazione dei capelli che conferisce luminosit\u00e0, brillantezza e nuance vibranti ai tuoi capelli.","breadcrumb":{"@id":"https:\/\/www.massagespaluxuryservice.it\/prodotto\/bagno-di-colore\/#breadcrumb"},"inLanguage":"it-IT","potentialAction":[{"@type":"ReadAction","target":["https:\/\/www.massagespaluxuryservice.it\/prodotto\/bagno-di-colore\/"]}]},{"@type":"ImageObject","inLanguage":"it-IT","@id":"https:\/\/www.massagespaluxuryservice.it\/prodotto\/bagno-di-colore\/#primaryimage","url":"https:\/\/www.massagespaluxuryservice.it\/wp-content\/uploads\/2023\/06\/Colorazioni-piu-richieste-Youbee.it_.jpg","contentUrl":"https:\/\/www.massagespaluxuryservice.it\/wp-content\/uploads\/2023\/06\/Colorazioni-piu-richieste-Youbee.it_.jpg","width":740,"height":420},{"@type":"BreadcrumbList","@id":"https:\/\/www.massagespaluxuryservice.it\/prodotto\/bagno-di-colore\/#breadcrumb","itemListElement":[{"@type":"ListItem","position":1,"name":"Home","item":"https:\/\/www.massagespaluxuryservice.it\/"},{"@type":"ListItem","position":2,"name":"Shop","item":"https:\/\/www.massagespaluxuryservice.it\/negozio\/"},{"@type":"ListItem","position":3,"name":"Bagno di colore"}]},{"@type":"WebSite","@id":"https:\/\/www.massagespaluxuryservice.it\/#website","url":"https:\/\/www.massagespaluxuryservice.it\/","name":"Massage luxury Spa noto","description":"Servizi spa e massaggi a Noto in Sicilia","publisher":{"@id":"https:\/\/www.massagespaluxuryservice.it\/#organization"},"potentialAction":[{"@type":"SearchAction","target":{"@type":"EntryPoint","urlTemplate":"https:\/\/www.massagespaluxuryservice.it\/?s={search_term_string}"},"query-input":"required name=search_term_string"}],"inLanguage":"it-IT"},{"@type":"Organization","@id":"https:\/\/www.massagespaluxuryservice.it\/#organization","name":"Massage Spa Luxury Service Noto","url":"https:\/\/www.massagespaluxuryservice.it\/","logo":{"@type":"ImageObject","inLanguage":"it-IT","@id":"https:\/\/www.massagespaluxuryservice.it\/#\/schema\/logo\/image\/","url":"https:\/\/www.massagespaluxuryservice.it\/wp-content\/uploads\/2023\/06\/Logo-scontornato.png","contentUrl":"https:\/\/www.massagespaluxuryservice.it\/wp-content\/uploads\/2023\/06\/Logo-scontornato.png","width":1414,"height":752,"caption":"Massage Spa Luxury Service Noto"},"image":{"@id":"https:\/\/www.massagespaluxuryservice.it\/#\/schema\/logo\/image\/"}}]}},"_links":{"self":[{"href":"https:\/\/www.massagespaluxuryservice.it\/it_it\/wp-json\/wp\/v2\/product\/483","targetHints":{"allow":["GET"]}}],"collection":[{"href":"https:\/\/www.massagespaluxuryservice.it\/it_it\/wp-json\/wp\/v2\/product"}],"about":[{"href":"https:\/\/www.massagespaluxuryservice.it\/it_it\/wp-json\/wp\/v2\/types\/product"}],"replies":[{"embeddable":true,"href":"https:\/\/www.massagespaluxuryservice.it\/it_it\/wp-json\/wp\/v2\/comments?post=483"}],"version-history":[{"count":0,"href":"https:\/\/www.massagespaluxuryservice.it\/it_it\/wp-json\/wp\/v2\/product\/483\/revisions"}],"wp:featuredmedia":[{"embeddable":true,"href":"https:\/\/www.massagespaluxuryservice.it\/it_it\/wp-json\/wp\/v2\/media\/1139"}],"wp:attachment":[{"href":"https:\/\/www.massagespaluxuryservice.it\/it_it\/wp-json\/wp\/v2\/media?parent=483"}],"wp:term":[{"taxonomy":"product_cat","embeddable":true,"href":"https:\/\/www.massagespaluxuryservice.it\/it_it\/wp-json\/wp\/v2\/product_cat?post=483"},{"taxonomy":"product_tag","embeddable":true,"href":"https:\/\/www.massagespaluxuryservice.it\/it_it\/wp-json\/wp\/v2\/product_tag?post=483"}],"curies":[{"name":"wp","href":"https:\/\/api.w.org\/{rel}","templated":true}]}}