{"id":434,"date":"2023-06-26T07:43:46","date_gmt":"2023-06-26T07:43:46","guid":{"rendered":"https:\/\/www.massagespaluxuryservice.it\/?post_type=product&#038;p=434"},"modified":"2023-07-24T14:34:01","modified_gmt":"2023-07-24T14:34:01","slug":"trucco-personalizzato","status":"publish","type":"product","link":"https:\/\/www.massagespaluxuryservice.it\/it_it\/prodotto\/trucco-personalizzato\/","title":{"rendered":"Trucco Personalizzato"},"content":{"rendered":"<p>Vieni a scoprire il nostro professionale e creativo servizio di Trucco Personalizzato presso il nostro centro a Noto, in Sicilia. Siamo esperti nell&#8217;offrire trattamenti di trucco mirati e personalizzati per esaltare la tua bellezza unica e mettere in risalto i tuoi tratti distintivi.<\/p>\n<p>Il Trucco Personalizzato \u00e8 progettato per adattarsi perfettamente al tuo viso, stile e personalit\u00e0. Il nostro team di make-up artist professionisti lavorer\u00e0 con te per creare un look che ti faccia sentire sicura e bella in ogni occasione.<\/p>\n<p>Utilizziamo prodotti di alta qualit\u00e0 e tecniche di trucco avanzate per garantire risultati duraturi e impeccabili.<\/p>\n<p>Questo servizio \u00e8 particolarmente indicato per coloro che desiderano un trucco su misura per un evento speciale, come un matrimonio, una serata importante o una sessione fotografica, o semplicemente per sentirsi pi\u00f9 sicuri e a proprio agio nella vita di tutti i giorni.<\/p>\n<p>Durante il trucco, il nostro staff esperto si prender\u00e0 cura di te con attenzione ai dettagli, garantendo un risultato finale che ti far\u00e0 sentire splendida e sicura di te stessa.<\/p>\n","protected":false},"excerpt":{"rendered":"<p>Vieni a scoprire il nostro professionale e creativo servizio di Trucco Personalizzato presso il nostro centro a Noto, in Sicilia. Siamo esperti nell&#8217;offrire trattamenti di trucco mirati e personalizzati per esaltare la tua bellezza unica e mettere in risalto i tuoi tratti distintivi. Il Trucco Personalizzato \u00e8 progettato per adattarsi perfettamente al tuo viso, stile [&hellip;]<\/p>\n","protected":false},"featured_media":853,"comment_status":"open","ping_status":"closed","template":"","meta":[],"product_cat":[31],"product_tag":[],"class_list":{"0":"post-434","1":"product","2":"type-product","3":"status-publish","4":"has-post-thumbnail","6":"product_cat-luxury-beauty-treatments","8":"first","9":"instock","10":"sold-individually","11":"shipping-taxable","12":"purchasable","13":"product-type-booking"},"yoast_head":"<!-- This site is optimized with the Yoast SEO Premium plugin v22.2 (Yoast SEO v22.4) - https:\/\/yoast.com\/wordpress\/plugins\/seo\/ -->\n<title>Trucco Personalizzato - Massage luxury Spa noto<\/title>\n<meta name=\"description\" content=\"Durante il trucco, il nostro staff esperto si prender\u00e0 cura di te, garantendo un risultato finale che ti far\u00e0 sentire splendida e sicura di te stessa.\" \/>\n<meta name=\"robots\" content=\"index, follow, max-snippet:-1, max-image-preview:large, max-video-preview:-1\" \/>\n<link rel=\"canonical\" href=\"https:\/\/www.massagespaluxuryservice.it\/it_it\/prodotto\/trucco-personalizzato\/\" \/>\n<meta property=\"og:locale\" content=\"it_IT\" \/>\n<meta property=\"og:type\" content=\"article\" \/>\n<meta property=\"og:title\" content=\"Trucco Personalizzato\" \/>\n<meta property=\"og:description\" content=\"Durante il trucco, il nostro staff esperto si prender\u00e0 cura di te, garantendo un risultato finale che ti far\u00e0 sentire splendida e sicura di te stessa.\" \/>\n<meta property=\"og:url\" content=\"https:\/\/www.massagespaluxuryservice.it\/it_it\/prodotto\/trucco-personalizzato\/\" \/>\n<meta property=\"og:site_name\" content=\"Massage luxury Spa noto\" \/>\n<meta property=\"article:modified_time\" content=\"2023-07-24T14:34:01+00:00\" \/>\n<meta property=\"og:image\" content=\"https:\/\/www.massagespaluxuryservice.it\/wp-content\/uploads\/2023\/07\/Noto_31-scaled.jpg\" \/>\n\t<meta property=\"og:image:width\" content=\"2560\" \/>\n\t<meta property=\"og:image:height\" content=\"1707\" \/>\n\t<meta property=\"og:image:type\" content=\"image\/jpeg\" \/>\n<meta name=\"twitter:card\" content=\"summary_large_image\" \/>\n<meta name=\"twitter:label1\" content=\"Tempo di lettura stimato\" \/>\n\t<meta name=\"twitter:data1\" content=\"1 minuto\" \/>\n<script type=\"application\/ld+json\" class=\"yoast-schema-graph\">{\"@context\":\"https:\/\/schema.org\",\"@graph\":[{\"@type\":\"WebPage\",\"@id\":\"https:\/\/www.massagespaluxuryservice.it\/prodotto\/trucco-personalizzato\/\",\"url\":\"https:\/\/www.massagespaluxuryservice.it\/prodotto\/trucco-personalizzato\/\",\"name\":\"Trucco Personalizzato - Massage luxury Spa noto\",\"isPartOf\":{\"@id\":\"https:\/\/www.massagespaluxuryservice.it\/#website\"},\"primaryImageOfPage\":{\"@id\":\"https:\/\/www.massagespaluxuryservice.it\/prodotto\/trucco-personalizzato\/#primaryimage\"},\"image\":{\"@id\":\"https:\/\/www.massagespaluxuryservice.it\/prodotto\/trucco-personalizzato\/#primaryimage\"},\"thumbnailUrl\":\"https:\/\/www.massagespaluxuryservice.it\/wp-content\/uploads\/2023\/07\/Noto_31-scaled.jpg\",\"datePublished\":\"2023-06-26T07:43:46+00:00\",\"dateModified\":\"2023-07-24T14:34:01+00:00\",\"description\":\"Durante il trucco, il nostro staff esperto si prender\u00e0 cura di te, garantendo un risultato finale che ti far\u00e0 sentire splendida e sicura di te stessa.\",\"breadcrumb\":{\"@id\":\"https:\/\/www.massagespaluxuryservice.it\/prodotto\/trucco-personalizzato\/#breadcrumb\"},\"inLanguage\":\"it-IT\",\"potentialAction\":[{\"@type\":\"ReadAction\",\"target\":[\"https:\/\/www.massagespaluxuryservice.it\/prodotto\/trucco-personalizzato\/\"]}]},{\"@type\":\"ImageObject\",\"inLanguage\":\"it-IT\",\"@id\":\"https:\/\/www.massagespaluxuryservice.it\/prodotto\/trucco-personalizzato\/#primaryimage\",\"url\":\"https:\/\/www.massagespaluxuryservice.it\/wp-content\/uploads\/2023\/07\/Noto_31-scaled.jpg\",\"contentUrl\":\"https:\/\/www.massagespaluxuryservice.it\/wp-content\/uploads\/2023\/07\/Noto_31-scaled.jpg\",\"width\":2560,\"height\":1707},{\"@type\":\"BreadcrumbList\",\"@id\":\"https:\/\/www.massagespaluxuryservice.it\/prodotto\/trucco-personalizzato\/#breadcrumb\",\"itemListElement\":[{\"@type\":\"ListItem\",\"position\":1,\"name\":\"Home\",\"item\":\"https:\/\/www.massagespaluxuryservice.it\/\"},{\"@type\":\"ListItem\",\"position\":2,\"name\":\"Shop\",\"item\":\"https:\/\/www.massagespaluxuryservice.it\/negozio\/\"},{\"@type\":\"ListItem\",\"position\":3,\"name\":\"Trucco Personalizzato\"}]},{\"@type\":\"WebSite\",\"@id\":\"https:\/\/www.massagespaluxuryservice.it\/#website\",\"url\":\"https:\/\/www.massagespaluxuryservice.it\/\",\"name\":\"Massage luxury Spa noto\",\"description\":\"Servizi spa e massaggi a Noto in Sicilia\",\"publisher\":{\"@id\":\"https:\/\/www.massagespaluxuryservice.it\/#organization\"},\"potentialAction\":[{\"@type\":\"SearchAction\",\"target\":{\"@type\":\"EntryPoint\",\"urlTemplate\":\"https:\/\/www.massagespaluxuryservice.it\/?s={search_term_string}\"},\"query-input\":\"required name=search_term_string\"}],\"inLanguage\":\"it-IT\"},{\"@type\":\"Organization\",\"@id\":\"https:\/\/www.massagespaluxuryservice.it\/#organization\",\"name\":\"Massage Spa Luxury Service Noto\",\"url\":\"https:\/\/www.massagespaluxuryservice.it\/\",\"logo\":{\"@type\":\"ImageObject\",\"inLanguage\":\"it-IT\",\"@id\":\"https:\/\/www.massagespaluxuryservice.it\/#\/schema\/logo\/image\/\",\"url\":\"https:\/\/www.massagespaluxuryservice.it\/wp-content\/uploads\/2023\/06\/Logo-scontornato.png\",\"contentUrl\":\"https:\/\/www.massagespaluxuryservice.it\/wp-content\/uploads\/2023\/06\/Logo-scontornato.png\",\"width\":1414,\"height\":752,\"caption\":\"Massage Spa Luxury Service Noto\"},\"image\":{\"@id\":\"https:\/\/www.massagespaluxuryservice.it\/#\/schema\/logo\/image\/\"}}]}<\/script>\n<!-- \/ Yoast SEO Premium plugin. -->","yoast_head_json":{"title":"Trucco Personalizzato - Massage luxury Spa noto","description":"Durante il trucco, il nostro staff esperto si prender\u00e0 cura di te, garantendo un risultato finale che ti far\u00e0 sentire splendida e sicura di te stessa.","robots":{"index":"index","follow":"follow","max-snippet":"max-snippet:-1","max-image-preview":"max-image-preview:large","max-video-preview":"max-video-preview:-1"},"canonical":"https:\/\/www.massagespaluxuryservice.it\/it_it\/prodotto\/trucco-personalizzato\/","og_locale":"it_IT","og_type":"article","og_title":"Trucco Personalizzato","og_description":"Durante il trucco, il nostro staff esperto si prender\u00e0 cura di te, garantendo un risultato finale che ti far\u00e0 sentire splendida e sicura di te stessa.","og_url":"https:\/\/www.massagespaluxuryservice.it\/it_it\/prodotto\/trucco-personalizzato\/","og_site_name":"Massage luxury Spa noto","article_modified_time":"2023-07-24T14:34:01+00:00","og_image":[{"width":2560,"height":1707,"url":"https:\/\/www.massagespaluxuryservice.it\/wp-content\/uploads\/2023\/07\/Noto_31-scaled.jpg","type":"image\/jpeg"}],"twitter_card":"summary_large_image","twitter_misc":{"Tempo di lettura stimato":"1 minuto"},"schema":{"@context":"https:\/\/schema.org","@graph":[{"@type":"WebPage","@id":"https:\/\/www.massagespaluxuryservice.it\/prodotto\/trucco-personalizzato\/","url":"https:\/\/www.massagespaluxuryservice.it\/prodotto\/trucco-personalizzato\/","name":"Trucco Personalizzato - Massage luxury Spa noto","isPartOf":{"@id":"https:\/\/www.massagespaluxuryservice.it\/#website"},"primaryImageOfPage":{"@id":"https:\/\/www.massagespaluxuryservice.it\/prodotto\/trucco-personalizzato\/#primaryimage"},"image":{"@id":"https:\/\/www.massagespaluxuryservice.it\/prodotto\/trucco-personalizzato\/#primaryimage"},"thumbnailUrl":"https:\/\/www.massagespaluxuryservice.it\/wp-content\/uploads\/2023\/07\/Noto_31-scaled.jpg","datePublished":"2023-06-26T07:43:46+00:00","dateModified":"2023-07-24T14:34:01+00:00","description":"Durante il trucco, il nostro staff esperto si prender\u00e0 cura di te, garantendo un risultato finale che ti far\u00e0 sentire splendida e sicura di te stessa.","breadcrumb":{"@id":"https:\/\/www.massagespaluxuryservice.it\/prodotto\/trucco-personalizzato\/#breadcrumb"},"inLanguage":"it-IT","potentialAction":[{"@type":"ReadAction","target":["https:\/\/www.massagespaluxuryservice.it\/prodotto\/trucco-personalizzato\/"]}]},{"@type":"ImageObject","inLanguage":"it-IT","@id":"https:\/\/www.massagespaluxuryservice.it\/prodotto\/trucco-personalizzato\/#primaryimage","url":"https:\/\/www.massagespaluxuryservice.it\/wp-content\/uploads\/2023\/07\/Noto_31-scaled.jpg","contentUrl":"https:\/\/www.massagespaluxuryservice.it\/wp-content\/uploads\/2023\/07\/Noto_31-scaled.jpg","width":2560,"height":1707},{"@type":"BreadcrumbList","@id":"https:\/\/www.massagespaluxuryservice.it\/prodotto\/trucco-personalizzato\/#breadcrumb","itemListElement":[{"@type":"ListItem","position":1,"name":"Home","item":"https:\/\/www.massagespaluxuryservice.it\/"},{"@type":"ListItem","position":2,"name":"Shop","item":"https:\/\/www.massagespaluxuryservice.it\/negozio\/"},{"@type":"ListItem","position":3,"name":"Trucco Personalizzato"}]},{"@type":"WebSite","@id":"https:\/\/www.massagespaluxuryservice.it\/#website","url":"https:\/\/www.massagespaluxuryservice.it\/","name":"Massage luxury Spa noto","description":"Servizi spa e massaggi a Noto in Sicilia","publisher":{"@id":"https:\/\/www.massagespaluxuryservice.it\/#organization"},"potentialAction":[{"@type":"SearchAction","target":{"@type":"EntryPoint","urlTemplate":"https:\/\/www.massagespaluxuryservice.it\/?s={search_term_string}"},"query-input":"required name=search_term_string"}],"inLanguage":"it-IT"},{"@type":"Organization","@id":"https:\/\/www.massagespaluxuryservice.it\/#organization","name":"Massage Spa Luxury Service Noto","url":"https:\/\/www.massagespaluxuryservice.it\/","logo":{"@type":"ImageObject","inLanguage":"it-IT","@id":"https:\/\/www.massagespaluxuryservice.it\/#\/schema\/logo\/image\/","url":"https:\/\/www.massagespaluxuryservice.it\/wp-content\/uploads\/2023\/06\/Logo-scontornato.png","contentUrl":"https:\/\/www.massagespaluxuryservice.it\/wp-content\/uploads\/2023\/06\/Logo-scontornato.png","width":1414,"height":752,"caption":"Massage Spa Luxury Service Noto"},"image":{"@id":"https:\/\/www.massagespaluxuryservice.it\/#\/schema\/logo\/image\/"}}]}},"_links":{"self":[{"href":"https:\/\/www.massagespaluxuryservice.it\/it_it\/wp-json\/wp\/v2\/product\/434","targetHints":{"allow":["GET"]}}],"collection":[{"href":"https:\/\/www.massagespaluxuryservice.it\/it_it\/wp-json\/wp\/v2\/product"}],"about":[{"href":"https:\/\/www.massagespaluxuryservice.it\/it_it\/wp-json\/wp\/v2\/types\/product"}],"replies":[{"embeddable":true,"href":"https:\/\/www.massagespaluxuryservice.it\/it_it\/wp-json\/wp\/v2\/comments?post=434"}],"version-history":[{"count":0,"href":"https:\/\/www.massagespaluxuryservice.it\/it_it\/wp-json\/wp\/v2\/product\/434\/revisions"}],"wp:featuredmedia":[{"embeddable":true,"href":"https:\/\/www.massagespaluxuryservice.it\/it_it\/wp-json\/wp\/v2\/media\/853"}],"wp:attachment":[{"href":"https:\/\/www.massagespaluxuryservice.it\/it_it\/wp-json\/wp\/v2\/media?parent=434"}],"wp:term":[{"taxonomy":"product_cat","embeddable":true,"href":"https:\/\/www.massagespaluxuryservice.it\/it_it\/wp-json\/wp\/v2\/product_cat?post=434"},{"taxonomy":"product_tag","embeddable":true,"href":"https:\/\/www.massagespaluxuryservice.it\/it_it\/wp-json\/wp\/v2\/product_tag?post=434"}],"curies":[{"name":"wp","href":"https:\/\/api.w.org\/{rel}","templated":true}]}}