{"id":420,"date":"2023-06-26T07:43:06","date_gmt":"2023-06-26T07:43:06","guid":{"rendered":"https:\/\/www.massagespaluxuryservice.it\/?post_type=product&#038;p=420"},"modified":"2023-07-24T10:57:18","modified_gmt":"2023-07-24T10:57:18","slug":"massaggio-viso-bava-di-lumaca-mask","status":"publish","type":"product","link":"https:\/\/www.massagespaluxuryservice.it\/it_it\/prodotto\/massaggio-viso-bava-di-lumaca-mask\/","title":{"rendered":"Massaggio Viso + Bava di lumaca Mask"},"content":{"rendered":"<p>Vieni a scoprire il nostro servizio di massaggio viso seguito da un trattamento con maschera di bava di lumaca presso il nostro centro a Noto, in Sicilia. Siamo esperti nell&#8217;offrire un trattamento completo per il viso che combina un rilassante massaggio con i benefici della bava di lumaca per la tua pelle.<\/p>\n<p>Il massaggio viso \u00e8 un trattamento che mira a stimolare la circolazione sanguigna, ridurre la tensione muscolare e favorire il rilassamento. Durante il massaggio, il nostro team di estetiste professioniste utilizzer\u00e0 movimenti delicati e precisi per massaggiare il viso e la zona del collo, regalandoti un&#8217;esperienza rilassante e rigenerante.<\/p>\n<p>Dopo il massaggio, applicheremo una maschera a base di bava di lumaca. La bava di lumaca \u00e8 nota per le sue propriet\u00e0 rigeneranti e idratanti per la pelle. Questa maschera aiuter\u00e0 a idratare e nutrire la pelle in profondit\u00e0, migliorando l&#8217;elasticit\u00e0 e la luminosit\u00e0.<\/p>\n<p>Il trattamento di massaggio viso seguito dalla maschera di bava di lumaca ti permetter\u00e0 di ottenere una pelle radiosa e rigenerata. Resterai immerso in un&#8217;atmosfera rilassante, mentre il nostro team si prender\u00e0 cura del tuo viso con trattamenti mirati e professionisti.<\/p>\n","protected":false},"excerpt":{"rendered":"<p>Vieni a scoprire il nostro servizio di massaggio viso seguito da un trattamento con maschera di bava di lumaca presso il nostro centro a Noto, in Sicilia. Siamo esperti nell&#8217;offrire un trattamento completo per il viso che combina un rilassante massaggio con i benefici della bava di lumaca per la tua pelle. Il massaggio viso [&hellip;]<\/p>\n","protected":false},"featured_media":76,"comment_status":"open","ping_status":"closed","template":"","meta":[],"product_cat":[31],"product_tag":[],"class_list":{"0":"post-420","1":"product","2":"type-product","3":"status-publish","4":"has-post-thumbnail","6":"product_cat-luxury-beauty-treatments","8":"first","9":"instock","10":"sold-individually","11":"shipping-taxable","12":"purchasable","13":"product-type-booking"},"yoast_head":"<!-- This site is optimized with the Yoast SEO Premium plugin v22.2 (Yoast SEO v22.4) - https:\/\/yoast.com\/wordpress\/plugins\/seo\/ -->\n<title>Massaggio Viso + Bava di lumaca Mask - Massage luxury Spa noto<\/title>\n<meta name=\"description\" content=\"Offriamo un trattamento completo per il viso che combina un rilassante massaggio con i benefici della bava di lumaca per la tua pelle.\" \/>\n<meta name=\"robots\" content=\"index, follow, max-snippet:-1, max-image-preview:large, max-video-preview:-1\" \/>\n<link rel=\"canonical\" href=\"https:\/\/www.massagespaluxuryservice.it\/it_it\/prodotto\/massaggio-viso-bava-di-lumaca-mask\/\" \/>\n<meta property=\"og:locale\" content=\"it_IT\" \/>\n<meta property=\"og:type\" content=\"article\" \/>\n<meta property=\"og:title\" content=\"Massaggio Viso + Bava di lumaca Mask\" \/>\n<meta property=\"og:description\" content=\"Offriamo un trattamento completo per il viso che combina un rilassante massaggio con i benefici della bava di lumaca per la tua pelle.\" \/>\n<meta property=\"og:url\" content=\"https:\/\/www.massagespaluxuryservice.it\/it_it\/prodotto\/massaggio-viso-bava-di-lumaca-mask\/\" \/>\n<meta property=\"og:site_name\" content=\"Massage luxury Spa noto\" \/>\n<meta property=\"article:modified_time\" content=\"2023-07-24T10:57:18+00:00\" \/>\n<meta property=\"og:image\" content=\"https:\/\/www.massagespaluxuryservice.it\/wp-content\/uploads\/2023\/06\/Noto_2-scaled.jpg\" \/>\n\t<meta property=\"og:image:width\" content=\"2560\" \/>\n\t<meta property=\"og:image:height\" content=\"1707\" \/>\n\t<meta property=\"og:image:type\" content=\"image\/jpeg\" \/>\n<meta name=\"twitter:card\" content=\"summary_large_image\" \/>\n<meta name=\"twitter:label1\" content=\"Tempo di lettura stimato\" \/>\n\t<meta name=\"twitter:data1\" content=\"1 minuto\" \/>\n<script type=\"application\/ld+json\" class=\"yoast-schema-graph\">{\"@context\":\"https:\/\/schema.org\",\"@graph\":[{\"@type\":\"WebPage\",\"@id\":\"https:\/\/www.massagespaluxuryservice.it\/prodotto\/massaggio-viso-bava-di-lumaca-mask\/\",\"url\":\"https:\/\/www.massagespaluxuryservice.it\/prodotto\/massaggio-viso-bava-di-lumaca-mask\/\",\"name\":\"Massaggio Viso + Bava di lumaca Mask - Massage luxury Spa noto\",\"isPartOf\":{\"@id\":\"https:\/\/www.massagespaluxuryservice.it\/#website\"},\"primaryImageOfPage\":{\"@id\":\"https:\/\/www.massagespaluxuryservice.it\/prodotto\/massaggio-viso-bava-di-lumaca-mask\/#primaryimage\"},\"image\":{\"@id\":\"https:\/\/www.massagespaluxuryservice.it\/prodotto\/massaggio-viso-bava-di-lumaca-mask\/#primaryimage\"},\"thumbnailUrl\":\"https:\/\/www.massagespaluxuryservice.it\/wp-content\/uploads\/2023\/06\/Noto_2-scaled.jpg\",\"datePublished\":\"2023-06-26T07:43:06+00:00\",\"dateModified\":\"2023-07-24T10:57:18+00:00\",\"description\":\"Offriamo un trattamento completo per il viso che combina un rilassante massaggio con i benefici della bava di lumaca per la tua pelle.\",\"breadcrumb\":{\"@id\":\"https:\/\/www.massagespaluxuryservice.it\/prodotto\/massaggio-viso-bava-di-lumaca-mask\/#breadcrumb\"},\"inLanguage\":\"it-IT\",\"potentialAction\":[{\"@type\":\"ReadAction\",\"target\":[\"https:\/\/www.massagespaluxuryservice.it\/prodotto\/massaggio-viso-bava-di-lumaca-mask\/\"]}]},{\"@type\":\"ImageObject\",\"inLanguage\":\"it-IT\",\"@id\":\"https:\/\/www.massagespaluxuryservice.it\/prodotto\/massaggio-viso-bava-di-lumaca-mask\/#primaryimage\",\"url\":\"https:\/\/www.massagespaluxuryservice.it\/wp-content\/uploads\/2023\/06\/Noto_2-scaled.jpg\",\"contentUrl\":\"https:\/\/www.massagespaluxuryservice.it\/wp-content\/uploads\/2023\/06\/Noto_2-scaled.jpg\",\"width\":2560,\"height\":1707},{\"@type\":\"BreadcrumbList\",\"@id\":\"https:\/\/www.massagespaluxuryservice.it\/prodotto\/massaggio-viso-bava-di-lumaca-mask\/#breadcrumb\",\"itemListElement\":[{\"@type\":\"ListItem\",\"position\":1,\"name\":\"Home\",\"item\":\"https:\/\/www.massagespaluxuryservice.it\/\"},{\"@type\":\"ListItem\",\"position\":2,\"name\":\"Shop\",\"item\":\"https:\/\/www.massagespaluxuryservice.it\/negozio\/\"},{\"@type\":\"ListItem\",\"position\":3,\"name\":\"Massaggio Viso + Bava di lumaca Mask\"}]},{\"@type\":\"WebSite\",\"@id\":\"https:\/\/www.massagespaluxuryservice.it\/#website\",\"url\":\"https:\/\/www.massagespaluxuryservice.it\/\",\"name\":\"Massage luxury Spa noto\",\"description\":\"Servizi spa e massaggi a Noto in Sicilia\",\"publisher\":{\"@id\":\"https:\/\/www.massagespaluxuryservice.it\/#organization\"},\"potentialAction\":[{\"@type\":\"SearchAction\",\"target\":{\"@type\":\"EntryPoint\",\"urlTemplate\":\"https:\/\/www.massagespaluxuryservice.it\/?s={search_term_string}\"},\"query-input\":\"required name=search_term_string\"}],\"inLanguage\":\"it-IT\"},{\"@type\":\"Organization\",\"@id\":\"https:\/\/www.massagespaluxuryservice.it\/#organization\",\"name\":\"Massage Spa Luxury Service Noto\",\"url\":\"https:\/\/www.massagespaluxuryservice.it\/\",\"logo\":{\"@type\":\"ImageObject\",\"inLanguage\":\"it-IT\",\"@id\":\"https:\/\/www.massagespaluxuryservice.it\/#\/schema\/logo\/image\/\",\"url\":\"https:\/\/www.massagespaluxuryservice.it\/wp-content\/uploads\/2023\/06\/Logo-scontornato.png\",\"contentUrl\":\"https:\/\/www.massagespaluxuryservice.it\/wp-content\/uploads\/2023\/06\/Logo-scontornato.png\",\"width\":1414,\"height\":752,\"caption\":\"Massage Spa Luxury Service Noto\"},\"image\":{\"@id\":\"https:\/\/www.massagespaluxuryservice.it\/#\/schema\/logo\/image\/\"}}]}<\/script>\n<!-- \/ Yoast SEO Premium plugin. -->","yoast_head_json":{"title":"Massaggio Viso + Bava di lumaca Mask - Massage luxury Spa noto","description":"Offriamo un trattamento completo per il viso che combina un rilassante massaggio con i benefici della bava di lumaca per la tua pelle.","robots":{"index":"index","follow":"follow","max-snippet":"max-snippet:-1","max-image-preview":"max-image-preview:large","max-video-preview":"max-video-preview:-1"},"canonical":"https:\/\/www.massagespaluxuryservice.it\/it_it\/prodotto\/massaggio-viso-bava-di-lumaca-mask\/","og_locale":"it_IT","og_type":"article","og_title":"Massaggio Viso + Bava di lumaca Mask","og_description":"Offriamo un trattamento completo per il viso che combina un rilassante massaggio con i benefici della bava di lumaca per la tua pelle.","og_url":"https:\/\/www.massagespaluxuryservice.it\/it_it\/prodotto\/massaggio-viso-bava-di-lumaca-mask\/","og_site_name":"Massage luxury Spa noto","article_modified_time":"2023-07-24T10:57:18+00:00","og_image":[{"width":2560,"height":1707,"url":"https:\/\/www.massagespaluxuryservice.it\/wp-content\/uploads\/2023\/06\/Noto_2-scaled.jpg","type":"image\/jpeg"}],"twitter_card":"summary_large_image","twitter_misc":{"Tempo di lettura stimato":"1 minuto"},"schema":{"@context":"https:\/\/schema.org","@graph":[{"@type":"WebPage","@id":"https:\/\/www.massagespaluxuryservice.it\/prodotto\/massaggio-viso-bava-di-lumaca-mask\/","url":"https:\/\/www.massagespaluxuryservice.it\/prodotto\/massaggio-viso-bava-di-lumaca-mask\/","name":"Massaggio Viso + Bava di lumaca Mask - Massage luxury Spa noto","isPartOf":{"@id":"https:\/\/www.massagespaluxuryservice.it\/#website"},"primaryImageOfPage":{"@id":"https:\/\/www.massagespaluxuryservice.it\/prodotto\/massaggio-viso-bava-di-lumaca-mask\/#primaryimage"},"image":{"@id":"https:\/\/www.massagespaluxuryservice.it\/prodotto\/massaggio-viso-bava-di-lumaca-mask\/#primaryimage"},"thumbnailUrl":"https:\/\/www.massagespaluxuryservice.it\/wp-content\/uploads\/2023\/06\/Noto_2-scaled.jpg","datePublished":"2023-06-26T07:43:06+00:00","dateModified":"2023-07-24T10:57:18+00:00","description":"Offriamo un trattamento completo per il viso che combina un rilassante massaggio con i benefici della bava di lumaca per la tua pelle.","breadcrumb":{"@id":"https:\/\/www.massagespaluxuryservice.it\/prodotto\/massaggio-viso-bava-di-lumaca-mask\/#breadcrumb"},"inLanguage":"it-IT","potentialAction":[{"@type":"ReadAction","target":["https:\/\/www.massagespaluxuryservice.it\/prodotto\/massaggio-viso-bava-di-lumaca-mask\/"]}]},{"@type":"ImageObject","inLanguage":"it-IT","@id":"https:\/\/www.massagespaluxuryservice.it\/prodotto\/massaggio-viso-bava-di-lumaca-mask\/#primaryimage","url":"https:\/\/www.massagespaluxuryservice.it\/wp-content\/uploads\/2023\/06\/Noto_2-scaled.jpg","contentUrl":"https:\/\/www.massagespaluxuryservice.it\/wp-content\/uploads\/2023\/06\/Noto_2-scaled.jpg","width":2560,"height":1707},{"@type":"BreadcrumbList","@id":"https:\/\/www.massagespaluxuryservice.it\/prodotto\/massaggio-viso-bava-di-lumaca-mask\/#breadcrumb","itemListElement":[{"@type":"ListItem","position":1,"name":"Home","item":"https:\/\/www.massagespaluxuryservice.it\/"},{"@type":"ListItem","position":2,"name":"Shop","item":"https:\/\/www.massagespaluxuryservice.it\/negozio\/"},{"@type":"ListItem","position":3,"name":"Massaggio Viso + Bava di lumaca Mask"}]},{"@type":"WebSite","@id":"https:\/\/www.massagespaluxuryservice.it\/#website","url":"https:\/\/www.massagespaluxuryservice.it\/","name":"Massage luxury Spa noto","description":"Servizi spa e massaggi a Noto in Sicilia","publisher":{"@id":"https:\/\/www.massagespaluxuryservice.it\/#organization"},"potentialAction":[{"@type":"SearchAction","target":{"@type":"EntryPoint","urlTemplate":"https:\/\/www.massagespaluxuryservice.it\/?s={search_term_string}"},"query-input":"required name=search_term_string"}],"inLanguage":"it-IT"},{"@type":"Organization","@id":"https:\/\/www.massagespaluxuryservice.it\/#organization","name":"Massage Spa Luxury Service Noto","url":"https:\/\/www.massagespaluxuryservice.it\/","logo":{"@type":"ImageObject","inLanguage":"it-IT","@id":"https:\/\/www.massagespaluxuryservice.it\/#\/schema\/logo\/image\/","url":"https:\/\/www.massagespaluxuryservice.it\/wp-content\/uploads\/2023\/06\/Logo-scontornato.png","contentUrl":"https:\/\/www.massagespaluxuryservice.it\/wp-content\/uploads\/2023\/06\/Logo-scontornato.png","width":1414,"height":752,"caption":"Massage Spa Luxury Service Noto"},"image":{"@id":"https:\/\/www.massagespaluxuryservice.it\/#\/schema\/logo\/image\/"}}]}},"_links":{"self":[{"href":"https:\/\/www.massagespaluxuryservice.it\/it_it\/wp-json\/wp\/v2\/product\/420","targetHints":{"allow":["GET"]}}],"collection":[{"href":"https:\/\/www.massagespaluxuryservice.it\/it_it\/wp-json\/wp\/v2\/product"}],"about":[{"href":"https:\/\/www.massagespaluxuryservice.it\/it_it\/wp-json\/wp\/v2\/types\/product"}],"replies":[{"embeddable":true,"href":"https:\/\/www.massagespaluxuryservice.it\/it_it\/wp-json\/wp\/v2\/comments?post=420"}],"version-history":[{"count":0,"href":"https:\/\/www.massagespaluxuryservice.it\/it_it\/wp-json\/wp\/v2\/product\/420\/revisions"}],"wp:featuredmedia":[{"embeddable":true,"href":"https:\/\/www.massagespaluxuryservice.it\/it_it\/wp-json\/wp\/v2\/media\/76"}],"wp:attachment":[{"href":"https:\/\/www.massagespaluxuryservice.it\/it_it\/wp-json\/wp\/v2\/media?parent=420"}],"wp:term":[{"taxonomy":"product_cat","embeddable":true,"href":"https:\/\/www.massagespaluxuryservice.it\/it_it\/wp-json\/wp\/v2\/product_cat?post=420"},{"taxonomy":"product_tag","embeddable":true,"href":"https:\/\/www.massagespaluxuryservice.it\/it_it\/wp-json\/wp\/v2\/product_tag?post=420"}],"curies":[{"name":"wp","href":"https:\/\/api.w.org\/{rel}","templated":true}]}}