{"id":335,"date":"2023-06-23T10:14:23","date_gmt":"2023-06-23T10:14:23","guid":{"rendered":"https:\/\/www.massagespaluxuryservice.it\/?post_type=product&#038;p=335"},"modified":"2023-07-14T09:12:39","modified_gmt":"2023-07-14T09:12:39","slug":"candle-massage-shea-butter-60min","status":"publish","type":"product","link":"https:\/\/www.massagespaluxuryservice.it\/it_it\/prodotto\/candle-massage-shea-butter-60min\/","title":{"rendered":"Candle Massage shea Butter (60min)"},"content":{"rendered":"<p>Il massaggio con candele al burro di karit\u00e9 combina il calore delle candele con le propriet\u00e0 nutrienti e rigeneranti del burro di karit\u00e9. Durante il massaggio, accenderemo una candela speciale al burro di karit\u00e9 che si trasforma in un olio caldo e profumato. Questo olio viene poi delicatamente versato sulla pelle e massaggiato con movimenti rilassanti e fluidi.<\/p>\n<p>Il burro di karit\u00e9 \u00e8 noto per le sue propriet\u00e0 idratanti, lenitive e rigeneranti. Durante il massaggio, l&#8217;olio al burro di karit\u00e9 penetra nella pelle, lasciandola morbida, idratata e luminosa. I movimenti del massaggio aiutano a sciogliere le tensioni muscolari, ridurre lo stress e promuovere una sensazione di profondo benessere.<\/p>\n","protected":false},"excerpt":{"rendered":"<p>Il massaggio con candele al burro di karit\u00e9 combina il calore delle candele con le propriet\u00e0 nutrienti e rigeneranti del burro di karit\u00e9. Durante il massaggio, accenderemo una candela speciale al burro di karit\u00e9 che si trasforma in un olio caldo e profumato. Questo olio viene poi delicatamente versato sulla pelle e massaggiato con movimenti [&hellip;]<\/p>\n","protected":false},"featured_media":1135,"comment_status":"open","ping_status":"closed","template":"","meta":[],"product_cat":[27],"product_tag":[],"class_list":{"0":"post-335","1":"product","2":"type-product","3":"status-publish","4":"has-post-thumbnail","6":"product_cat-wellness-beauty-massage","8":"first","9":"instock","10":"sold-individually","11":"shipping-taxable","12":"purchasable","13":"product-type-booking"},"yoast_head":"<!-- This site is optimized with the Yoast SEO Premium plugin v22.2 (Yoast SEO v22.4) - https:\/\/yoast.com\/wordpress\/plugins\/seo\/ -->\n<title>Candle Massage shea Butter (60min) - Massage luxury Spa noto<\/title>\n<meta name=\"description\" content=\"Siamo esperti nell&#039;offrire un&#039;esperienza di massaggio rigenerante che utilizza candele speciali al burro di karit\u00e9 per nutrire e idratare la pelle.\" \/>\n<meta name=\"robots\" content=\"index, follow, max-snippet:-1, max-image-preview:large, max-video-preview:-1\" \/>\n<link rel=\"canonical\" href=\"https:\/\/www.massagespaluxuryservice.it\/it_it\/prodotto\/candle-massage-shea-butter-60min\/\" \/>\n<meta property=\"og:locale\" content=\"it_IT\" \/>\n<meta property=\"og:type\" content=\"article\" \/>\n<meta property=\"og:title\" content=\"Candle Massage shea Butter (60min)\" \/>\n<meta property=\"og:description\" content=\"Siamo esperti nell&#039;offrire un&#039;esperienza di massaggio rigenerante che utilizza candele speciali al burro di karit\u00e9 per nutrire e idratare la pelle.\" \/>\n<meta property=\"og:url\" content=\"https:\/\/www.massagespaluxuryservice.it\/it_it\/prodotto\/candle-massage-shea-butter-60min\/\" \/>\n<meta property=\"og:site_name\" content=\"Massage luxury Spa noto\" \/>\n<meta property=\"article:modified_time\" content=\"2023-07-14T09:12:39+00:00\" \/>\n<meta property=\"og:image\" content=\"https:\/\/www.massagespaluxuryservice.it\/wp-content\/uploads\/2023\/06\/04_oil-massagetouch-melting-candle-610x610-1.jpg\" \/>\n\t<meta property=\"og:image:width\" content=\"610\" \/>\n\t<meta property=\"og:image:height\" content=\"610\" \/>\n\t<meta property=\"og:image:type\" content=\"image\/jpeg\" \/>\n<meta name=\"twitter:card\" content=\"summary_large_image\" \/>\n<meta name=\"twitter:label1\" content=\"Tempo di lettura stimato\" \/>\n\t<meta name=\"twitter:data1\" content=\"1 minuto\" \/>\n<script type=\"application\/ld+json\" class=\"yoast-schema-graph\">{\"@context\":\"https:\/\/schema.org\",\"@graph\":[{\"@type\":\"WebPage\",\"@id\":\"https:\/\/www.massagespaluxuryservice.it\/prodotto\/candle-massage-shea-butter-60min\/\",\"url\":\"https:\/\/www.massagespaluxuryservice.it\/prodotto\/candle-massage-shea-butter-60min\/\",\"name\":\"Candle Massage shea Butter (60min) - Massage luxury Spa noto\",\"isPartOf\":{\"@id\":\"https:\/\/www.massagespaluxuryservice.it\/#website\"},\"primaryImageOfPage\":{\"@id\":\"https:\/\/www.massagespaluxuryservice.it\/prodotto\/candle-massage-shea-butter-60min\/#primaryimage\"},\"image\":{\"@id\":\"https:\/\/www.massagespaluxuryservice.it\/prodotto\/candle-massage-shea-butter-60min\/#primaryimage\"},\"thumbnailUrl\":\"https:\/\/www.massagespaluxuryservice.it\/wp-content\/uploads\/2023\/06\/04_oil-massagetouch-melting-candle-610x610-1.jpg\",\"datePublished\":\"2023-06-23T10:14:23+00:00\",\"dateModified\":\"2023-07-14T09:12:39+00:00\",\"description\":\"Siamo esperti nell'offrire un'esperienza di massaggio rigenerante che utilizza candele speciali al burro di karit\u00e9 per nutrire e idratare la pelle.\",\"breadcrumb\":{\"@id\":\"https:\/\/www.massagespaluxuryservice.it\/prodotto\/candle-massage-shea-butter-60min\/#breadcrumb\"},\"inLanguage\":\"it-IT\",\"potentialAction\":[{\"@type\":\"ReadAction\",\"target\":[\"https:\/\/www.massagespaluxuryservice.it\/prodotto\/candle-massage-shea-butter-60min\/\"]}]},{\"@type\":\"ImageObject\",\"inLanguage\":\"it-IT\",\"@id\":\"https:\/\/www.massagespaluxuryservice.it\/prodotto\/candle-massage-shea-butter-60min\/#primaryimage\",\"url\":\"https:\/\/www.massagespaluxuryservice.it\/wp-content\/uploads\/2023\/06\/04_oil-massagetouch-melting-candle-610x610-1.jpg\",\"contentUrl\":\"https:\/\/www.massagespaluxuryservice.it\/wp-content\/uploads\/2023\/06\/04_oil-massagetouch-melting-candle-610x610-1.jpg\",\"width\":610,\"height\":610},{\"@type\":\"BreadcrumbList\",\"@id\":\"https:\/\/www.massagespaluxuryservice.it\/prodotto\/candle-massage-shea-butter-60min\/#breadcrumb\",\"itemListElement\":[{\"@type\":\"ListItem\",\"position\":1,\"name\":\"Home\",\"item\":\"https:\/\/www.massagespaluxuryservice.it\/\"},{\"@type\":\"ListItem\",\"position\":2,\"name\":\"Shop\",\"item\":\"https:\/\/www.massagespaluxuryservice.it\/negozio\/\"},{\"@type\":\"ListItem\",\"position\":3,\"name\":\"Candle Massage shea Butter (60min)\"}]},{\"@type\":\"WebSite\",\"@id\":\"https:\/\/www.massagespaluxuryservice.it\/#website\",\"url\":\"https:\/\/www.massagespaluxuryservice.it\/\",\"name\":\"Massage luxury Spa noto\",\"description\":\"Servizi spa e massaggi a Noto in Sicilia\",\"publisher\":{\"@id\":\"https:\/\/www.massagespaluxuryservice.it\/#organization\"},\"potentialAction\":[{\"@type\":\"SearchAction\",\"target\":{\"@type\":\"EntryPoint\",\"urlTemplate\":\"https:\/\/www.massagespaluxuryservice.it\/?s={search_term_string}\"},\"query-input\":\"required name=search_term_string\"}],\"inLanguage\":\"it-IT\"},{\"@type\":\"Organization\",\"@id\":\"https:\/\/www.massagespaluxuryservice.it\/#organization\",\"name\":\"Massage Spa Luxury Service Noto\",\"url\":\"https:\/\/www.massagespaluxuryservice.it\/\",\"logo\":{\"@type\":\"ImageObject\",\"inLanguage\":\"it-IT\",\"@id\":\"https:\/\/www.massagespaluxuryservice.it\/#\/schema\/logo\/image\/\",\"url\":\"https:\/\/www.massagespaluxuryservice.it\/wp-content\/uploads\/2023\/06\/Logo-scontornato.png\",\"contentUrl\":\"https:\/\/www.massagespaluxuryservice.it\/wp-content\/uploads\/2023\/06\/Logo-scontornato.png\",\"width\":1414,\"height\":752,\"caption\":\"Massage Spa Luxury Service Noto\"},\"image\":{\"@id\":\"https:\/\/www.massagespaluxuryservice.it\/#\/schema\/logo\/image\/\"}}]}<\/script>\n<!-- \/ Yoast SEO Premium plugin. -->","yoast_head_json":{"title":"Candle Massage shea Butter (60min) - Massage luxury Spa noto","description":"Siamo esperti nell'offrire un'esperienza di massaggio rigenerante che utilizza candele speciali al burro di karit\u00e9 per nutrire e idratare la pelle.","robots":{"index":"index","follow":"follow","max-snippet":"max-snippet:-1","max-image-preview":"max-image-preview:large","max-video-preview":"max-video-preview:-1"},"canonical":"https:\/\/www.massagespaluxuryservice.it\/it_it\/prodotto\/candle-massage-shea-butter-60min\/","og_locale":"it_IT","og_type":"article","og_title":"Candle Massage shea Butter (60min)","og_description":"Siamo esperti nell'offrire un'esperienza di massaggio rigenerante che utilizza candele speciali al burro di karit\u00e9 per nutrire e idratare la pelle.","og_url":"https:\/\/www.massagespaluxuryservice.it\/it_it\/prodotto\/candle-massage-shea-butter-60min\/","og_site_name":"Massage luxury Spa noto","article_modified_time":"2023-07-14T09:12:39+00:00","og_image":[{"width":610,"height":610,"url":"https:\/\/www.massagespaluxuryservice.it\/wp-content\/uploads\/2023\/06\/04_oil-massagetouch-melting-candle-610x610-1.jpg","type":"image\/jpeg"}],"twitter_card":"summary_large_image","twitter_misc":{"Tempo di lettura stimato":"1 minuto"},"schema":{"@context":"https:\/\/schema.org","@graph":[{"@type":"WebPage","@id":"https:\/\/www.massagespaluxuryservice.it\/prodotto\/candle-massage-shea-butter-60min\/","url":"https:\/\/www.massagespaluxuryservice.it\/prodotto\/candle-massage-shea-butter-60min\/","name":"Candle Massage shea Butter (60min) - Massage luxury Spa noto","isPartOf":{"@id":"https:\/\/www.massagespaluxuryservice.it\/#website"},"primaryImageOfPage":{"@id":"https:\/\/www.massagespaluxuryservice.it\/prodotto\/candle-massage-shea-butter-60min\/#primaryimage"},"image":{"@id":"https:\/\/www.massagespaluxuryservice.it\/prodotto\/candle-massage-shea-butter-60min\/#primaryimage"},"thumbnailUrl":"https:\/\/www.massagespaluxuryservice.it\/wp-content\/uploads\/2023\/06\/04_oil-massagetouch-melting-candle-610x610-1.jpg","datePublished":"2023-06-23T10:14:23+00:00","dateModified":"2023-07-14T09:12:39+00:00","description":"Siamo esperti nell'offrire un'esperienza di massaggio rigenerante che utilizza candele speciali al burro di karit\u00e9 per nutrire e idratare la pelle.","breadcrumb":{"@id":"https:\/\/www.massagespaluxuryservice.it\/prodotto\/candle-massage-shea-butter-60min\/#breadcrumb"},"inLanguage":"it-IT","potentialAction":[{"@type":"ReadAction","target":["https:\/\/www.massagespaluxuryservice.it\/prodotto\/candle-massage-shea-butter-60min\/"]}]},{"@type":"ImageObject","inLanguage":"it-IT","@id":"https:\/\/www.massagespaluxuryservice.it\/prodotto\/candle-massage-shea-butter-60min\/#primaryimage","url":"https:\/\/www.massagespaluxuryservice.it\/wp-content\/uploads\/2023\/06\/04_oil-massagetouch-melting-candle-610x610-1.jpg","contentUrl":"https:\/\/www.massagespaluxuryservice.it\/wp-content\/uploads\/2023\/06\/04_oil-massagetouch-melting-candle-610x610-1.jpg","width":610,"height":610},{"@type":"BreadcrumbList","@id":"https:\/\/www.massagespaluxuryservice.it\/prodotto\/candle-massage-shea-butter-60min\/#breadcrumb","itemListElement":[{"@type":"ListItem","position":1,"name":"Home","item":"https:\/\/www.massagespaluxuryservice.it\/"},{"@type":"ListItem","position":2,"name":"Shop","item":"https:\/\/www.massagespaluxuryservice.it\/negozio\/"},{"@type":"ListItem","position":3,"name":"Candle Massage shea Butter (60min)"}]},{"@type":"WebSite","@id":"https:\/\/www.massagespaluxuryservice.it\/#website","url":"https:\/\/www.massagespaluxuryservice.it\/","name":"Massage luxury Spa noto","description":"Servizi spa e massaggi a Noto in Sicilia","publisher":{"@id":"https:\/\/www.massagespaluxuryservice.it\/#organization"},"potentialAction":[{"@type":"SearchAction","target":{"@type":"EntryPoint","urlTemplate":"https:\/\/www.massagespaluxuryservice.it\/?s={search_term_string}"},"query-input":"required name=search_term_string"}],"inLanguage":"it-IT"},{"@type":"Organization","@id":"https:\/\/www.massagespaluxuryservice.it\/#organization","name":"Massage Spa Luxury Service Noto","url":"https:\/\/www.massagespaluxuryservice.it\/","logo":{"@type":"ImageObject","inLanguage":"it-IT","@id":"https:\/\/www.massagespaluxuryservice.it\/#\/schema\/logo\/image\/","url":"https:\/\/www.massagespaluxuryservice.it\/wp-content\/uploads\/2023\/06\/Logo-scontornato.png","contentUrl":"https:\/\/www.massagespaluxuryservice.it\/wp-content\/uploads\/2023\/06\/Logo-scontornato.png","width":1414,"height":752,"caption":"Massage Spa Luxury Service Noto"},"image":{"@id":"https:\/\/www.massagespaluxuryservice.it\/#\/schema\/logo\/image\/"}}]}},"_links":{"self":[{"href":"https:\/\/www.massagespaluxuryservice.it\/it_it\/wp-json\/wp\/v2\/product\/335","targetHints":{"allow":["GET"]}}],"collection":[{"href":"https:\/\/www.massagespaluxuryservice.it\/it_it\/wp-json\/wp\/v2\/product"}],"about":[{"href":"https:\/\/www.massagespaluxuryservice.it\/it_it\/wp-json\/wp\/v2\/types\/product"}],"replies":[{"embeddable":true,"href":"https:\/\/www.massagespaluxuryservice.it\/it_it\/wp-json\/wp\/v2\/comments?post=335"}],"version-history":[{"count":0,"href":"https:\/\/www.massagespaluxuryservice.it\/it_it\/wp-json\/wp\/v2\/product\/335\/revisions"}],"wp:featuredmedia":[{"embeddable":true,"href":"https:\/\/www.massagespaluxuryservice.it\/it_it\/wp-json\/wp\/v2\/media\/1135"}],"wp:attachment":[{"href":"https:\/\/www.massagespaluxuryservice.it\/it_it\/wp-json\/wp\/v2\/media?parent=335"}],"wp:term":[{"taxonomy":"product_cat","embeddable":true,"href":"https:\/\/www.massagespaluxuryservice.it\/it_it\/wp-json\/wp\/v2\/product_cat?post=335"},{"taxonomy":"product_tag","embeddable":true,"href":"https:\/\/www.massagespaluxuryservice.it\/it_it\/wp-json\/wp\/v2\/product_tag?post=335"}],"curies":[{"name":"wp","href":"https:\/\/api.w.org\/{rel}","templated":true}]}}