{"id":484,"date":"2023-06-26T07:56:16","date_gmt":"2023-06-26T07:56:16","guid":{"rendered":"https:\/\/www.massagespaluxuryservice.it\/?post_type=product&#038;p=484"},"modified":"2023-07-14T09:19:34","modified_gmt":"2023-07-14T09:19:34","slug":"balajage","status":"publish","type":"product","link":"https:\/\/www.massagespaluxuryservice.it\/en\/product\/balajage\/","title":{"rendered":"Balajage"},"content":{"rendered":"<p>Il balayage \u00e8 una tecnica di colorazione in cui il colore viene applicato a mano libera, creando sfumature e giochi di luce sulle ciocche dei capelli. Questo metodo permette di ottenere un effetto graduale, con una radice pi\u00f9 scura che si sfuma delicatamente in tonalit\u00e0 pi\u00f9 chiare sulle lunghezze e sulle punte dei capelli.<\/p>\n<p>I nostri esperti hair stylist ti guideranno nella scelta delle tonalit\u00e0 e delle sfumature pi\u00f9 adatte alla tua carnagione, ai tuoi tratti distintivi e al tuo stile personale. Utilizziamo colori di alta qualit\u00e0 e tecniche precise per creare un balayage su misura che ti far\u00e0 sentire e apparire al tuo meglio.<\/p>\n<p>Il balayage \u00e8 un&#8217;opzione versatile che pu\u00f2 essere personalizzata in base alle tue preferenze. Che tu desideri un effetto naturale e sottile o un look pi\u00f9 audace e contrastante, siamo in grado di creare un balayage che si adatti perfettamente alla tua personalit\u00e0 e al tuo stile di vita.<\/p>","protected":false},"excerpt":{"rendered":"<p>Il balayage \u00e8 una tecnica di colorazione in cui il colore viene applicato a mano libera, creando sfumature e giochi di luce sulle ciocche dei capelli. Questo metodo permette di ottenere un effetto graduale, con una radice pi\u00f9 scura che si sfuma delicatamente in tonalit\u00e0 pi\u00f9 chiare sulle lunghezze e sulle punte dei capelli. I [&hellip;]<\/p>","protected":false},"featured_media":1140,"comment_status":"open","ping_status":"closed","template":"","meta":[],"product_cat":[32],"product_tag":[],"class_list":{"0":"post-484","1":"product","2":"type-product","3":"status-publish","4":"has-post-thumbnail","6":"product_cat-luxury-hair-stylist","8":"first","9":"instock","10":"sold-individually","11":"shipping-taxable","12":"purchasable","13":"product-type-booking"},"yoast_head":"<!-- This site is optimized with the Yoast SEO Premium plugin v22.2 (Yoast SEO v22.4) - https:\/\/yoast.com\/wordpress\/plugins\/seo\/ -->\n<title>Balajage - Massage luxury Spa noto<\/title>\n<meta name=\"description\" content=\"Siamo esperti nell&#039;arte di creare balayage, una tecnica di colorazione dei capelli che conferisce un effetto naturale e luminoso, simile a quello del sole baciato.\" \/>\n<meta name=\"robots\" content=\"index, follow, max-snippet:-1, max-image-preview:large, max-video-preview:-1\" \/>\n<link rel=\"canonical\" href=\"https:\/\/www.massagespaluxuryservice.it\/en\/product\/balajage\/\" \/>\n<meta property=\"og:locale\" content=\"en_GB\" \/>\n<meta property=\"og:type\" content=\"article\" \/>\n<meta property=\"og:title\" content=\"Balajage\" \/>\n<meta property=\"og:description\" content=\"Siamo esperti nell&#039;arte di creare balayage, una tecnica di colorazione dei capelli che conferisce un effetto naturale e luminoso, simile a quello del sole baciato.\" \/>\n<meta property=\"og:url\" content=\"https:\/\/www.massagespaluxuryservice.it\/en\/product\/balajage\/\" \/>\n<meta property=\"og:site_name\" content=\"Massage luxury Spa noto\" \/>\n<meta property=\"article:modified_time\" content=\"2023-07-14T09:19:34+00:00\" \/>\n<meta property=\"og:image\" content=\"https:\/\/www.massagespaluxuryservice.it\/wp-content\/uploads\/2023\/06\/balayage-capelli-2021-2.jpg\" \/>\n\t<meta property=\"og:image:width\" content=\"750\" \/>\n\t<meta property=\"og:image:height\" content=\"750\" \/>\n\t<meta property=\"og:image:type\" content=\"image\/jpeg\" \/>\n<meta name=\"twitter:card\" content=\"summary_large_image\" \/>\n<meta name=\"twitter:label1\" content=\"Estimated reading time\" \/>\n\t<meta name=\"twitter:data1\" content=\"1 minute\" \/>\n<script type=\"application\/ld+json\" class=\"yoast-schema-graph\">{\"@context\":\"https:\/\/schema.org\",\"@graph\":[{\"@type\":\"WebPage\",\"@id\":\"https:\/\/www.massagespaluxuryservice.it\/prodotto\/balajage\/\",\"url\":\"https:\/\/www.massagespaluxuryservice.it\/prodotto\/balajage\/\",\"name\":\"Balajage - Massage luxury Spa noto\",\"isPartOf\":{\"@id\":\"https:\/\/www.massagespaluxuryservice.it\/#website\"},\"primaryImageOfPage\":{\"@id\":\"https:\/\/www.massagespaluxuryservice.it\/prodotto\/balajage\/#primaryimage\"},\"image\":{\"@id\":\"https:\/\/www.massagespaluxuryservice.it\/prodotto\/balajage\/#primaryimage\"},\"thumbnailUrl\":\"https:\/\/www.massagespaluxuryservice.it\/wp-content\/uploads\/2023\/06\/balayage-capelli-2021-2.jpg\",\"datePublished\":\"2023-06-26T07:56:16+00:00\",\"dateModified\":\"2023-07-14T09:19:34+00:00\",\"description\":\"Siamo esperti nell'arte di creare balayage, una tecnica di colorazione dei capelli che conferisce un effetto naturale e luminoso, simile a quello del sole baciato.\",\"breadcrumb\":{\"@id\":\"https:\/\/www.massagespaluxuryservice.it\/prodotto\/balajage\/#breadcrumb\"},\"inLanguage\":\"en-GB\",\"potentialAction\":[{\"@type\":\"ReadAction\",\"target\":[\"https:\/\/www.massagespaluxuryservice.it\/prodotto\/balajage\/\"]}]},{\"@type\":\"ImageObject\",\"inLanguage\":\"en-GB\",\"@id\":\"https:\/\/www.massagespaluxuryservice.it\/prodotto\/balajage\/#primaryimage\",\"url\":\"https:\/\/www.massagespaluxuryservice.it\/wp-content\/uploads\/2023\/06\/balayage-capelli-2021-2.jpg\",\"contentUrl\":\"https:\/\/www.massagespaluxuryservice.it\/wp-content\/uploads\/2023\/06\/balayage-capelli-2021-2.jpg\",\"width\":750,\"height\":750},{\"@type\":\"BreadcrumbList\",\"@id\":\"https:\/\/www.massagespaluxuryservice.it\/prodotto\/balajage\/#breadcrumb\",\"itemListElement\":[{\"@type\":\"ListItem\",\"position\":1,\"name\":\"Home\",\"item\":\"https:\/\/www.massagespaluxuryservice.it\/\"},{\"@type\":\"ListItem\",\"position\":2,\"name\":\"Shop\",\"item\":\"https:\/\/www.massagespaluxuryservice.it\/negozio\/\"},{\"@type\":\"ListItem\",\"position\":3,\"name\":\"Balajage\"}]},{\"@type\":\"WebSite\",\"@id\":\"https:\/\/www.massagespaluxuryservice.it\/#website\",\"url\":\"https:\/\/www.massagespaluxuryservice.it\/\",\"name\":\"Massage luxury Spa noto\",\"description\":\"Servizi spa e massaggi a Noto in Sicilia\",\"publisher\":{\"@id\":\"https:\/\/www.massagespaluxuryservice.it\/#organization\"},\"potentialAction\":[{\"@type\":\"SearchAction\",\"target\":{\"@type\":\"EntryPoint\",\"urlTemplate\":\"https:\/\/www.massagespaluxuryservice.it\/?s={search_term_string}\"},\"query-input\":\"required name=search_term_string\"}],\"inLanguage\":\"en-GB\"},{\"@type\":\"Organization\",\"@id\":\"https:\/\/www.massagespaluxuryservice.it\/#organization\",\"name\":\"Massage Spa Luxury Service Noto\",\"url\":\"https:\/\/www.massagespaluxuryservice.it\/\",\"logo\":{\"@type\":\"ImageObject\",\"inLanguage\":\"en-GB\",\"@id\":\"https:\/\/www.massagespaluxuryservice.it\/#\/schema\/logo\/image\/\",\"url\":\"https:\/\/www.massagespaluxuryservice.it\/wp-content\/uploads\/2023\/06\/Logo-scontornato.png\",\"contentUrl\":\"https:\/\/www.massagespaluxuryservice.it\/wp-content\/uploads\/2023\/06\/Logo-scontornato.png\",\"width\":1414,\"height\":752,\"caption\":\"Massage Spa Luxury Service Noto\"},\"image\":{\"@id\":\"https:\/\/www.massagespaluxuryservice.it\/#\/schema\/logo\/image\/\"}}]}<\/script>\n<!-- \/ Yoast SEO Premium plugin. -->","yoast_head_json":{"title":"Balajage - Massage luxury Spa noto","description":"Siamo esperti nell'arte di creare balayage, una tecnica di colorazione dei capelli che conferisce un effetto naturale e luminoso, simile a quello del sole baciato.","robots":{"index":"index","follow":"follow","max-snippet":"max-snippet:-1","max-image-preview":"max-image-preview:large","max-video-preview":"max-video-preview:-1"},"canonical":"https:\/\/www.massagespaluxuryservice.it\/en\/product\/balajage\/","og_locale":"en_GB","og_type":"article","og_title":"Balajage","og_description":"Siamo esperti nell'arte di creare balayage, una tecnica di colorazione dei capelli che conferisce un effetto naturale e luminoso, simile a quello del sole baciato.","og_url":"https:\/\/www.massagespaluxuryservice.it\/en\/product\/balajage\/","og_site_name":"Massage luxury Spa noto","article_modified_time":"2023-07-14T09:19:34+00:00","og_image":[{"width":750,"height":750,"url":"https:\/\/www.massagespaluxuryservice.it\/wp-content\/uploads\/2023\/06\/balayage-capelli-2021-2.jpg","type":"image\/jpeg"}],"twitter_card":"summary_large_image","twitter_misc":{"Estimated reading time":"1 minute"},"schema":{"@context":"https:\/\/schema.org","@graph":[{"@type":"WebPage","@id":"https:\/\/www.massagespaluxuryservice.it\/prodotto\/balajage\/","url":"https:\/\/www.massagespaluxuryservice.it\/prodotto\/balajage\/","name":"Balajage - Massage luxury Spa noto","isPartOf":{"@id":"https:\/\/www.massagespaluxuryservice.it\/#website"},"primaryImageOfPage":{"@id":"https:\/\/www.massagespaluxuryservice.it\/prodotto\/balajage\/#primaryimage"},"image":{"@id":"https:\/\/www.massagespaluxuryservice.it\/prodotto\/balajage\/#primaryimage"},"thumbnailUrl":"https:\/\/www.massagespaluxuryservice.it\/wp-content\/uploads\/2023\/06\/balayage-capelli-2021-2.jpg","datePublished":"2023-06-26T07:56:16+00:00","dateModified":"2023-07-14T09:19:34+00:00","description":"Siamo esperti nell'arte di creare balayage, una tecnica di colorazione dei capelli che conferisce un effetto naturale e luminoso, simile a quello del sole baciato.","breadcrumb":{"@id":"https:\/\/www.massagespaluxuryservice.it\/prodotto\/balajage\/#breadcrumb"},"inLanguage":"en-GB","potentialAction":[{"@type":"ReadAction","target":["https:\/\/www.massagespaluxuryservice.it\/prodotto\/balajage\/"]}]},{"@type":"ImageObject","inLanguage":"en-GB","@id":"https:\/\/www.massagespaluxuryservice.it\/prodotto\/balajage\/#primaryimage","url":"https:\/\/www.massagespaluxuryservice.it\/wp-content\/uploads\/2023\/06\/balayage-capelli-2021-2.jpg","contentUrl":"https:\/\/www.massagespaluxuryservice.it\/wp-content\/uploads\/2023\/06\/balayage-capelli-2021-2.jpg","width":750,"height":750},{"@type":"BreadcrumbList","@id":"https:\/\/www.massagespaluxuryservice.it\/prodotto\/balajage\/#breadcrumb","itemListElement":[{"@type":"ListItem","position":1,"name":"Home","item":"https:\/\/www.massagespaluxuryservice.it\/"},{"@type":"ListItem","position":2,"name":"Shop","item":"https:\/\/www.massagespaluxuryservice.it\/negozio\/"},{"@type":"ListItem","position":3,"name":"Balajage"}]},{"@type":"WebSite","@id":"https:\/\/www.massagespaluxuryservice.it\/#website","url":"https:\/\/www.massagespaluxuryservice.it\/","name":"Massage luxury Spa noto","description":"Servizi spa e massaggi a Noto in Sicilia","publisher":{"@id":"https:\/\/www.massagespaluxuryservice.it\/#organization"},"potentialAction":[{"@type":"SearchAction","target":{"@type":"EntryPoint","urlTemplate":"https:\/\/www.massagespaluxuryservice.it\/?s={search_term_string}"},"query-input":"required name=search_term_string"}],"inLanguage":"en-GB"},{"@type":"Organization","@id":"https:\/\/www.massagespaluxuryservice.it\/#organization","name":"Massage Spa Luxury Service Noto","url":"https:\/\/www.massagespaluxuryservice.it\/","logo":{"@type":"ImageObject","inLanguage":"en-GB","@id":"https:\/\/www.massagespaluxuryservice.it\/#\/schema\/logo\/image\/","url":"https:\/\/www.massagespaluxuryservice.it\/wp-content\/uploads\/2023\/06\/Logo-scontornato.png","contentUrl":"https:\/\/www.massagespaluxuryservice.it\/wp-content\/uploads\/2023\/06\/Logo-scontornato.png","width":1414,"height":752,"caption":"Massage Spa Luxury Service Noto"},"image":{"@id":"https:\/\/www.massagespaluxuryservice.it\/#\/schema\/logo\/image\/"}}]}},"_links":{"self":[{"href":"https:\/\/www.massagespaluxuryservice.it\/en\/wp-json\/wp\/v2\/product\/484","targetHints":{"allow":["GET"]}}],"collection":[{"href":"https:\/\/www.massagespaluxuryservice.it\/en\/wp-json\/wp\/v2\/product"}],"about":[{"href":"https:\/\/www.massagespaluxuryservice.it\/en\/wp-json\/wp\/v2\/types\/product"}],"replies":[{"embeddable":true,"href":"https:\/\/www.massagespaluxuryservice.it\/en\/wp-json\/wp\/v2\/comments?post=484"}],"version-history":[{"count":0,"href":"https:\/\/www.massagespaluxuryservice.it\/en\/wp-json\/wp\/v2\/product\/484\/revisions"}],"wp:featuredmedia":[{"embeddable":true,"href":"https:\/\/www.massagespaluxuryservice.it\/en\/wp-json\/wp\/v2\/media\/1140"}],"wp:attachment":[{"href":"https:\/\/www.massagespaluxuryservice.it\/en\/wp-json\/wp\/v2\/media?parent=484"}],"wp:term":[{"taxonomy":"product_cat","embeddable":true,"href":"https:\/\/www.massagespaluxuryservice.it\/en\/wp-json\/wp\/v2\/product_cat?post=484"},{"taxonomy":"product_tag","embeddable":true,"href":"https:\/\/www.massagespaluxuryservice.it\/en\/wp-json\/wp\/v2\/product_tag?post=484"}],"curies":[{"name":"wp","href":"https:\/\/api.w.org\/{rel}","templated":true}]}}